{"id":65963,"date":"2017-10-10T10:51:13","date_gmt":"2017-10-10T10:51:13","guid":{"rendered":"https:\/\/nilopartners.pt\/?page_id=65963"},"modified":"2021-09-18T07:30:32","modified_gmt":"2021-09-18T07:30:32","slug":"about","status":"publish","type":"page","link":"https:\/\/nilopartners.pt\/?page_id=65963","title":{"rendered":"About"},"content":{"rendered":"<div class=\"wpb-content-wrapper\"><p>[vc_row unlock_row_content=&#8221;yes&#8221; row_height_percent=&#8221;0&#8243; override_padding=&#8221;yes&#8221; h_padding=&#8221;2&#8243; top_padding=&#8221;2&#8243; bottom_padding=&#8221;2&#8243; overlay_alpha=&#8221;50&#8243; gutter_size=&#8221;3&#8243; column_width_percent=&#8221;100&#8243; shift_y=&#8221;0&#8243; z_index=&#8221;0&#8243;][vc_column width=&#8221;2\/3&#8243;][vc_single_image media=&#8221;66129&#8243; media_width_percent=&#8221;100&#8243; advanced=&#8221;yes&#8221; media_items=&#8221;media|original&#8221; media_overlay_color=&#8221;color-prif&#8221; media_overlay_opacity=&#8221;1&#8243; media_text_visible=&#8221;yes&#8221; media_text_anim=&#8221;no&#8221; media_overlay_visible=&#8221;yes&#8221; media_image_coloration=&#8221;desaturated&#8221; media_image_color_anim=&#8221;yes&#8221; media_image_anim=&#8221;no&#8221; media_h_align=&#8221;center&#8221; media_padding=&#8221;2&#8243;][\/vc_column][vc_column column_width_percent=&#8221;100&#8243; position_horizontal=&#8221;left&#8221; overlay_alpha=&#8221;50&#8243; gutter_size=&#8221;3&#8243; medium_width=&#8221;0&#8243; align_mobile=&#8221;align_center_mobile&#8221; shift_x=&#8221;0&#8243; shift_y=&#8221;0&#8243; z_index=&#8221;0&#8243; width=&#8221;1\/3&#8243;][vc_row_inner row_inner_height_percent=&#8221;0&#8243; overlay_alpha=&#8221;100&#8243; gutter_size=&#8221;3&#8243; shift_y=&#8221;0&#8243;][vc_column_inner column_width_use_pixel=&#8221;yes&#8221; position_horizontal=&#8221;left&#8221; override_padding=&#8221;yes&#8221; column_padding=&#8221;2&#8243; gutter_size=&#8221;3&#8243; font_family=&#8221;font-762333&#8243; overlay_alpha=&#8221;100&#8243; medium_width=&#8221;0&#8243; shift_x=&#8221;0&#8243; shift_y=&#8221;0&#8243; z_index=&#8221;0&#8243; zoom_width=&#8221;0&#8243; zoom_height=&#8221;0&#8243; mobile_width_full=&#8221;&#8221; width=&#8221;1\/1&#8243; css=&#8221;.vc_custom_1505953981701{border-right-width: 5px !important;}&#8221;][vc_custom_heading heading_semantic=&#8221;h1&#8243; text_size=&#8221;h5&#8243; text_font=&#8221;font-118500&#8243; text_weight=&#8221;900&#8243; text_color=&#8221;color-jevc&#8221; separator=&#8221;yes&#8221; separator_color=&#8221;yes&#8221; sub_reduced=&#8221;yes&#8221;]QUEM SOMOS[\/vc_custom_heading][vc_custom_heading heading_semantic=&#8221;h1&#8243; text_size=&#8221;h6&#8243; text_height=&#8221;fontheight-113096&#8243; text_font=&#8221;font-204057&#8243; text_weight=&#8221;300&#8243; text_color=&#8221;color-wvjs&#8221;]Uma equipa multidisciplinar liderada pela experi\u00eancia criativa de quem, ao longo dos anos, passou por algumas das maiores ag\u00eancias de comunica\u00e7\u00e3o nacionais.<\/p>\n<p>&nbsp;<\/p>\n<p>&nbsp;<\/p>\n<p>Founder \/ Creative Director<\/p>\n<p><strong>Rui Furtado<\/strong><\/p>\n<p>&nbsp;<\/p>\n<p>Natural de Lisboa (1970), inicia a carreira publicit\u00e1ria, em 1994, na\u00a0ag\u00eancia publicit\u00e1ria Ogilvy &amp; Matter Portugal. Segue-se a ag\u00eancia McCann-Erickson Portugal (1996), passando dois anos depois a integrar o departamento criativo da Euro RSCG Portugal (atual Havas).\u00a0Em 2004, resultado de uma paix\u00e3o assumida pelo Porto, muda de cidade para assumir a dire\u00e7\u00e3o criativa da Ska Publicidade.\u00a0Em 2007, inicia o seu projeto pessoal, que acabaria por levar \u00e0quilo que \u00e9 hoje a Nilo.<\/p>\n<p>&nbsp;<\/p>\n<p>Ao longo da carreira, conta com diversos pr\u00e9mios atribu\u00eddos \u2013 nacionais e internacionais \u2013, a trabalhos que desenvolveu, onde se destacam as campanhas para o Euro 2004, Cerveja Sagres (Ouro para revista Ad Age e Epica, entre outros) ou Sumol. Recentemente, a Nilo, num projeto que contou com a colabora\u00e7\u00e3o do Est\u00fadio Costa Mendes, vence as categorias de Melhor Filme, Melhor Realiza\u00e7\u00e3o e Melhor Fotografia no Vogue Fashion Film Festival com um trabalho para a marca Goldmud.<\/p>\n<p>&nbsp;<\/p>\n<p>Enquanto criativo, na sua lista de projetos desenvolvidos, trabalhou marcas como\u00a0Euro 2004, ICEP, UEFA, Citroen, Peugeot, Opel, Cerveja Sagres, Sumol, Adagio, EDP,\u00a0Portugal Telecom, TMN, Optimus, Sonaecom, Tabaqueira, Continente, L\u2019Oreal, IPJ, Ocean\u00e1rio de Lisboa, Parque das Na\u00e7\u00f5es, Grupo Solverde, Molaflex, Marconi, Transdev, Goldmud.[\/vc_custom_heading][\/vc_column_inner][\/vc_row_inner][\/vc_column][\/vc_row]<\/p>\n<\/div>","protected":false},"excerpt":{"rendered":"<p>[vc_row unlock_row_content=&#8221;yes&#8221; row_height_percent=&#8221;0&#8243; override_padding=&#8221;yes&#8221; h_padding=&#8221;2&#8243; top_padding=&#8221;2&#8243; bottom_padding=&#8221;2&#8243; overlay_alpha=&#8221;50&#8243; gutter_size=&#8221;3&#8243; column_width_percent=&#8221;100&#8243; shift_y=&#8221;0&#8243; z_index=&#8221;0&#8243;][vc_column width=&#8221;2\/3&#8243;][vc_single_image media=&#8221;66129&#8243; media_width_percent=&#8221;100&#8243; advanced=&#8221;yes&#8221; media_items=&#8221;media|original&#8221; media_overlay_color=&#8221;color-prif&#8221; media_overlay_opacity=&#8221;1&#8243; media_text_visible=&#8221;yes&#8221; [&hellip;]<\/p>\n","protected":false},"author":3,"featured_media":0,"parent":0,"menu_order":0,"comment_status":"closed","ping_status":"closed","template":"","meta":{"footnotes":""},"class_list":["post-65963","page","type-page","status-publish","hentry"],"yoast_head":"<!-- This site is optimized with the Yoast SEO plugin v23.1 - https:\/\/yoast.com\/wordpress\/plugins\/seo\/ -->\n<title>About - Nilo Partners<\/title>\n<meta name=\"robots\" content=\"index, follow, max-snippet:-1, max-image-preview:large, max-video-preview:-1\" \/>\n<link rel=\"canonical\" href=\"https:\/\/nilopartners.pt\/?page_id=65963\" \/>\n<meta property=\"og:locale\" content=\"pt_PT\" \/>\n<meta property=\"og:type\" content=\"article\" \/>\n<meta property=\"og:title\" content=\"About - Nilo Partners\" \/>\n<meta property=\"og:description\" content=\"[vc_row unlock_row_content=&#8221;yes&#8221; row_height_percent=&#8221;0&#8243; override_padding=&#8221;yes&#8221; h_padding=&#8221;2&#8243; top_padding=&#8221;2&#8243; bottom_padding=&#8221;2&#8243; overlay_alpha=&#8221;50&#8243; gutter_size=&#8221;3&#8243; column_width_percent=&#8221;100&#8243; shift_y=&#8221;0&#8243; z_index=&#8221;0&#8243;][vc_column width=&#8221;2\/3&#8243;][vc_single_image media=&#8221;66129&#8243; media_width_percent=&#8221;100&#8243; advanced=&#8221;yes&#8221; media_items=&#8221;media|original&#8221; media_overlay_color=&#8221;color-prif&#8221; media_overlay_opacity=&#8221;1&#8243; media_text_visible=&#8221;yes&#8221; [&hellip;]\" \/>\n<meta property=\"og:url\" content=\"https:\/\/nilopartners.pt\/?page_id=65963\" \/>\n<meta property=\"og:site_name\" content=\"Nilo Partners\" \/>\n<meta property=\"article:modified_time\" content=\"2021-09-18T07:30:32+00:00\" \/>\n<meta name=\"twitter:card\" content=\"summary_large_image\" \/>\n<meta name=\"twitter:label1\" content=\"Tempo estimado de leitura\" \/>\n\t<meta name=\"twitter:data1\" content=\"2 minutos\" \/>\n<script type=\"application\/ld+json\" class=\"yoast-schema-graph\">{\"@context\":\"https:\/\/schema.org\",\"@graph\":[{\"@type\":\"WebPage\",\"@id\":\"https:\/\/nilopartners.pt\/?page_id=65963\",\"url\":\"https:\/\/nilopartners.pt\/?page_id=65963\",\"name\":\"About - Nilo Partners\",\"isPartOf\":{\"@id\":\"https:\/\/nilopartners.pt\/#website\"},\"datePublished\":\"2017-10-10T10:51:13+00:00\",\"dateModified\":\"2021-09-18T07:30:32+00:00\",\"breadcrumb\":{\"@id\":\"https:\/\/nilopartners.pt\/?page_id=65963#breadcrumb\"},\"inLanguage\":\"pt-PT\",\"potentialAction\":[{\"@type\":\"ReadAction\",\"target\":[\"https:\/\/nilopartners.pt\/?page_id=65963\"]}]},{\"@type\":\"BreadcrumbList\",\"@id\":\"https:\/\/nilopartners.pt\/?page_id=65963#breadcrumb\",\"itemListElement\":[{\"@type\":\"ListItem\",\"position\":1,\"name\":\"In\u00edcio\",\"item\":\"https:\/\/nilopartners.pt\/\"},{\"@type\":\"ListItem\",\"position\":2,\"name\":\"About\"}]},{\"@type\":\"WebSite\",\"@id\":\"https:\/\/nilopartners.pt\/#website\",\"url\":\"https:\/\/nilopartners.pt\/\",\"name\":\"Nilo Partners\",\"description\":\"Ag\u00eancia de publicidade e design\",\"potentialAction\":[{\"@type\":\"SearchAction\",\"target\":{\"@type\":\"EntryPoint\",\"urlTemplate\":\"https:\/\/nilopartners.pt\/?s={search_term_string}\"},\"query-input\":\"required name=search_term_string\"}],\"inLanguage\":\"pt-PT\"}]}<\/script>\n<!-- \/ Yoast SEO plugin. -->","yoast_head_json":{"title":"About - Nilo Partners","robots":{"index":"index","follow":"follow","max-snippet":"max-snippet:-1","max-image-preview":"max-image-preview:large","max-video-preview":"max-video-preview:-1"},"canonical":"https:\/\/nilopartners.pt\/?page_id=65963","og_locale":"pt_PT","og_type":"article","og_title":"About - Nilo Partners","og_description":"[vc_row unlock_row_content=&#8221;yes&#8221; row_height_percent=&#8221;0&#8243; override_padding=&#8221;yes&#8221; h_padding=&#8221;2&#8243; top_padding=&#8221;2&#8243; bottom_padding=&#8221;2&#8243; overlay_alpha=&#8221;50&#8243; gutter_size=&#8221;3&#8243; column_width_percent=&#8221;100&#8243; shift_y=&#8221;0&#8243; z_index=&#8221;0&#8243;][vc_column width=&#8221;2\/3&#8243;][vc_single_image media=&#8221;66129&#8243; media_width_percent=&#8221;100&#8243; advanced=&#8221;yes&#8221; media_items=&#8221;media|original&#8221; media_overlay_color=&#8221;color-prif&#8221; media_overlay_opacity=&#8221;1&#8243; media_text_visible=&#8221;yes&#8221; [&hellip;]","og_url":"https:\/\/nilopartners.pt\/?page_id=65963","og_site_name":"Nilo Partners","article_modified_time":"2021-09-18T07:30:32+00:00","twitter_card":"summary_large_image","twitter_misc":{"Tempo estimado de leitura":"2 minutos"},"schema":{"@context":"https:\/\/schema.org","@graph":[{"@type":"WebPage","@id":"https:\/\/nilopartners.pt\/?page_id=65963","url":"https:\/\/nilopartners.pt\/?page_id=65963","name":"About - Nilo Partners","isPartOf":{"@id":"https:\/\/nilopartners.pt\/#website"},"datePublished":"2017-10-10T10:51:13+00:00","dateModified":"2021-09-18T07:30:32+00:00","breadcrumb":{"@id":"https:\/\/nilopartners.pt\/?page_id=65963#breadcrumb"},"inLanguage":"pt-PT","potentialAction":[{"@type":"ReadAction","target":["https:\/\/nilopartners.pt\/?page_id=65963"]}]},{"@type":"BreadcrumbList","@id":"https:\/\/nilopartners.pt\/?page_id=65963#breadcrumb","itemListElement":[{"@type":"ListItem","position":1,"name":"In\u00edcio","item":"https:\/\/nilopartners.pt\/"},{"@type":"ListItem","position":2,"name":"About"}]},{"@type":"WebSite","@id":"https:\/\/nilopartners.pt\/#website","url":"https:\/\/nilopartners.pt\/","name":"Nilo Partners","description":"Ag\u00eancia de publicidade e design","potentialAction":[{"@type":"SearchAction","target":{"@type":"EntryPoint","urlTemplate":"https:\/\/nilopartners.pt\/?s={search_term_string}"},"query-input":"required name=search_term_string"}],"inLanguage":"pt-PT"}]}},"_links":{"self":[{"href":"https:\/\/nilopartners.pt\/index.php?rest_route=\/wp\/v2\/pages\/65963"}],"collection":[{"href":"https:\/\/nilopartners.pt\/index.php?rest_route=\/wp\/v2\/pages"}],"about":[{"href":"https:\/\/nilopartners.pt\/index.php?rest_route=\/wp\/v2\/types\/page"}],"author":[{"embeddable":true,"href":"https:\/\/nilopartners.pt\/index.php?rest_route=\/wp\/v2\/users\/3"}],"replies":[{"embeddable":true,"href":"https:\/\/nilopartners.pt\/index.php?rest_route=%2Fwp%2Fv2%2Fcomments&post=65963"}],"version-history":[{"count":1,"href":"https:\/\/nilopartners.pt\/index.php?rest_route=\/wp\/v2\/pages\/65963\/revisions"}],"predecessor-version":[{"id":71700,"href":"https:\/\/nilopartners.pt\/index.php?rest_route=\/wp\/v2\/pages\/65963\/revisions\/71700"}],"wp:attachment":[{"href":"https:\/\/nilopartners.pt\/index.php?rest_route=%2Fwp%2Fv2%2Fmedia&parent=65963"}],"curies":[{"name":"wp","href":"https:\/\/api.w.org\/{rel}","templated":true}]}}